{"id":213,"date":"2024-02-26T10:24:58","date_gmt":"2024-02-26T08:24:58","guid":{"rendered":"https:\/\/isoliertechnik-imeri.de\/?page_id=213"},"modified":"2024-02-26T10:58:15","modified_gmt":"2024-02-26T08:58:15","slug":"leistung","status":"publish","type":"page","link":"https:\/\/isoliertechnik-imeri.de\/?page_id=213","title":{"rendered":"Leistung"},"content":{"rendered":"\n<p>Wir arbeiten f\u00fcr die Gewerke: Heizung \u2013 Sanit\u00e4r \u2013 L\u00fcftung \/ Klima &#8211; K\u00e4lte &#8211; Elektro<\/p>\n\n\n\n<p>W\u00e4rme-, K\u00e4lte- und Schall-Isolierungen: W\u00e4rmed\u00e4mmung + K\u00e4lted\u00e4mmung + Schwitzwasser-D\u00e4mmung + Technischer Schallschutz + L\u00e4rmschutz und Akustik-D\u00e4mmung<\/p>\n\n\n\n<p>Vorbeugender Baulicher Brandschutz: Kabelabschottungen S30, S90 + Kabelbekleidungen I30, I60, I90, E30, E90 + R90 Rohrmanschetten + R90 Rohrabschottungen + F90 Verm\u00f6rtelung + L90 Bekleidung von Stahlblechl\u00fcftungsleitungen + selbst\u00e4ndige L90 L\u00fcftungsleitungen<\/p>\n","protected":false},"excerpt":{"rendered":"<p>Wir arbeiten f\u00fcr die Gewerke: Heizung \u2013 Sanit\u00e4r \u2013 L\u00fcftung \/ Klima &#8211; K\u00e4lte &#8211; Elektro W\u00e4rme-, K\u00e4lte- und Schall-Isolierungen: W\u00e4rmed\u00e4mmung + K\u00e4lted\u00e4mmung + Schwitzwasser-D\u00e4mmung + Technischer Schallschutz + L\u00e4rmschutz und Akustik-D\u00e4mmung Vorbeugender Baulicher Brandschutz: Kabelabschottungen S30, S90 + Kabelbekleidungen I30, I60, I90, E30, E90 + R90 Rohrmanschetten + R90 Rohrabschottungen + F90 Verm\u00f6rtelung + &hellip; <a href=\"https:\/\/isoliertechnik-imeri.de\/?page_id=213\" class=\"more-link\"><span class=\"screen-reader-text\">\u201eLeistung\u201c<\/span> weiterlesen<\/a><\/p>\n","protected":false},"author":1,"featured_media":0,"parent":0,"menu_order":0,"comment_status":"closed","ping_status":"closed","template":"","meta":{"footnotes":""},"_links":{"self":[{"href":"https:\/\/isoliertechnik-imeri.de\/index.php?rest_route=\/wp\/v2\/pages\/213"}],"collection":[{"href":"https:\/\/isoliertechnik-imeri.de\/index.php?rest_route=\/wp\/v2\/pages"}],"about":[{"href":"https:\/\/isoliertechnik-imeri.de\/index.php?rest_route=\/wp\/v2\/types\/page"}],"author":[{"embeddable":true,"href":"https:\/\/isoliertechnik-imeri.de\/index.php?rest_route=\/wp\/v2\/users\/1"}],"replies":[{"embeddable":true,"href":"https:\/\/isoliertechnik-imeri.de\/index.php?rest_route=%2Fwp%2Fv2%2Fcomments&post=213"}],"version-history":[{"count":4,"href":"https:\/\/isoliertechnik-imeri.de\/index.php?rest_route=\/wp\/v2\/pages\/213\/revisions"}],"predecessor-version":[{"id":242,"href":"https:\/\/isoliertechnik-imeri.de\/index.php?rest_route=\/wp\/v2\/pages\/213\/revisions\/242"}],"wp:attachment":[{"href":"https:\/\/isoliertechnik-imeri.de\/index.php?rest_route=%2Fwp%2Fv2%2Fmedia&parent=213"}],"curies":[{"name":"wp","href":"https:\/\/api.w.org\/{rel}","templated":true}]}}