{"id":217,"date":"2024-02-26T10:25:14","date_gmt":"2024-02-26T08:25:14","guid":{"rendered":"https:\/\/isoliertechnik-imeri.de\/?page_id=217"},"modified":"2024-02-26T11:01:41","modified_gmt":"2024-02-26T09:01:41","slug":"service","status":"publish","type":"page","link":"https:\/\/isoliertechnik-imeri.de\/?page_id=217","title":{"rendered":"Service"},"content":{"rendered":"\n<p>Zukunftsweisend: Durch st\u00e4ndige Weiterbildung unserer Mitarbeiter immer auf dem neuesten Stand.<\/p>\n\n\n\n<p>Ersparnis: Qualit\u00e4t muss nicht teuer sein.<\/p>\n\n\n\n<p>Beratung und L\u00f6sungen: Service wird bei uns gro\u00df geschrieben.<\/p>\n","protected":false},"excerpt":{"rendered":"<p>Zukunftsweisend: Durch st\u00e4ndige Weiterbildung unserer Mitarbeiter immer auf dem neuesten Stand. Ersparnis: Qualit\u00e4t muss nicht teuer sein. Beratung und L\u00f6sungen: Service wird bei uns gro\u00df geschrieben.<\/p>\n","protected":false},"author":1,"featured_media":0,"parent":0,"menu_order":0,"comment_status":"closed","ping_status":"closed","template":"","meta":{"footnotes":""},"_links":{"self":[{"href":"https:\/\/isoliertechnik-imeri.de\/index.php?rest_route=\/wp\/v2\/pages\/217"}],"collection":[{"href":"https:\/\/isoliertechnik-imeri.de\/index.php?rest_route=\/wp\/v2\/pages"}],"about":[{"href":"https:\/\/isoliertechnik-imeri.de\/index.php?rest_route=\/wp\/v2\/types\/page"}],"author":[{"embeddable":true,"href":"https:\/\/isoliertechnik-imeri.de\/index.php?rest_route=\/wp\/v2\/users\/1"}],"replies":[{"embeddable":true,"href":"https:\/\/isoliertechnik-imeri.de\/index.php?rest_route=%2Fwp%2Fv2%2Fcomments&post=217"}],"version-history":[{"count":3,"href":"https:\/\/isoliertechnik-imeri.de\/index.php?rest_route=\/wp\/v2\/pages\/217\/revisions"}],"predecessor-version":[{"id":244,"href":"https:\/\/isoliertechnik-imeri.de\/index.php?rest_route=\/wp\/v2\/pages\/217\/revisions\/244"}],"wp:attachment":[{"href":"https:\/\/isoliertechnik-imeri.de\/index.php?rest_route=%2Fwp%2Fv2%2Fmedia&parent=217"}],"curies":[{"name":"wp","href":"https:\/\/api.w.org\/{rel}","templated":true}]}}